{"id":802,"date":"2021-08-31T16:22:59","date_gmt":"2021-08-31T13:22:59","guid":{"rendered":"https:\/\/www.ukturkeylife.com\/?page_id=802"},"modified":"2024-07-16T20:06:09","modified_gmt":"2024-07-16T17:06:09","slug":"root","status":"publish","type":"page","link":"https:\/\/www.ukturkeylife.com\/","title":{"rendered":"UK-Turkey Life"},"content":{"rendered":"<p>[et_pb_section fb_built=&#8221;1&#8243; custom_padding_last_edited=&#8221;on|phone&#8221; _builder_version=&#8221;4.16&#8243; _module_preset=&#8221;default&#8221; background_color=&#8221;#00247d&#8221; background_image=&#8221;https:\/\/www.ukturkeylife.com\/wp-content\/uploads\/2021\/06\/tr-eng-bayrak-alpha.png&#8221; height=&#8221;100vh&#8221; height_tablet=&#8221;auto&#8221; height_phone=&#8221;auto&#8221; height_last_edited=&#8221;on|tablet&#8221; custom_padding=&#8221;20px||||false|false&#8221; custom_padding_tablet=&#8221;20px||||false|false&#8221; custom_padding_phone=&#8221;20px||||false|false&#8221; global_colors_info=&#8221;{}&#8221;][et_pb_row _builder_version=&#8221;4.16&#8243; _module_preset=&#8221;default&#8221; width=&#8221;470px&#8221; width_tablet=&#8221;360px&#8221; width_phone=&#8221;240px&#8221; width_last_edited=&#8221;on|phone&#8221; global_colors_info=&#8221;{}&#8221;][et_pb_column type=&#8221;4_4&#8243; _builder_version=&#8221;4.16&#8243; _module_preset=&#8221;default&#8221; global_colors_info=&#8221;{}&#8221;][et_pb_image src=&#8221;https:\/\/www.ukturkeylife.com\/wp-content\/uploads\/2022\/03\/logow.svg&#8221; title_text=&#8221;logow&#8221; align=&#8221;center&#8221; force_fullwidth=&#8221;on&#8221; _builder_version=&#8221;4.16&#8243; _module_preset=&#8221;default&#8221; width_tablet=&#8221;360px&#8221; width_phone=&#8221;240px&#8221; width_last_edited=&#8221;on|phone&#8221; max_width_tablet=&#8221;360px&#8221; max_width_phone=&#8221;240px&#8221; max_width_last_edited=&#8221;on|tablet&#8221; module_alignment=&#8221;center&#8221; max_height=&#8221;80px&#8221; global_colors_info=&#8221;{}&#8221;][\/et_pb_image][\/et_pb_column][\/et_pb_row][et_pb_row column_structure=&#8221;1_2,1_2&#8243; _builder_version=&#8221;4.16&#8243; _module_preset=&#8221;default&#8221; global_colors_info=&#8221;{}&#8221;][et_pb_column type=&#8221;1_2&#8243; _builder_version=&#8221;4.16&#8243; _module_preset=&#8221;default&#8221; global_colors_info=&#8221;{}&#8221;][et_pb_text _builder_version=&#8221;4.26.0&#8243; _module_preset=&#8221;default&#8221; header_font=&#8221;Poppins|600|||||||&#8221; header_text_align=&#8221;center&#8221; header_text_color=&#8221;#FFFFFF&#8221; header_font_size=&#8221;26px&#8221; header_line_height=&#8221;1.8em&#8221; header_2_font=&#8221;Poppins||||||||&#8221; header_2_text_align=&#8221;center&#8221; header_2_font_size=&#8221;18px&#8221; header_2_line_height=&#8221;1.5em&#8221; background_layout=&#8221;dark&#8221; width=&#8221;80%&#8221; width_tablet=&#8221;&#8221; width_phone=&#8221;100%&#8221; width_last_edited=&#8221;on|phone&#8221; module_alignment=&#8221;center&#8221; height=&#8221;260px&#8221; height_tablet=&#8221;&#8221; height_phone=&#8221;&#8221; height_last_edited=&#8221;on|tablet&#8221; hover_enabled=&#8221;0&#8243; header_line_height_tablet=&#8221;&#8221; header_line_height_phone=&#8221;1.3em&#8221; header_line_height_last_edited=&#8221;on|phone&#8221; global_colors_info=&#8221;{}&#8221; sticky_enabled=&#8221;0&#8243;]<\/p>\n<h1>\u00c7EV\u0130R\u0130, D\u0130L E\u011e\u0130T\u0130M\u0130 VE CV H\u0130ZMETLER\u0130<\/h1>\n<h2>Birle\u015fik Krall\u0131k\u2019\u0131n Ankara B\u00fcy\u00fckel\u00e7ili\u011fi ve \u0130stanbul Ba\u015fkonsoloslu\u011fu eski \u00e7al\u0131\u015fanlar\u0131 taraf\u0131ndan kurulan ekibimizle en etkin hizmet!<\/h2>\n<p>[\/et_pb_text][et_pb_button button_url=&#8221;https:\/\/www.ukturkeylife.com\/tr&#8221; button_text=&#8221;T\u00fcrk\u00e7e i\u00e7in T\u0131klay\u0131n\u0131z&#8221; button_alignment=&#8221;center&#8221; admin_label=&#8221;Button&#8221; _builder_version=&#8221;4.23&#8243; _module_preset=&#8221;default&#8221; custom_button=&#8221;on&#8221; button_text_color=&#8221;#00247d&#8221; button_bg_color=&#8221;#FFFFFF&#8221; button_border_radius=&#8221;10px&#8221; button_font=&#8221;|600|||||||&#8221; hover_enabled=&#8221;0&#8243; global_colors_info=&#8221;{}&#8221; sticky_enabled=&#8221;0&#8243;][\/et_pb_button][\/et_pb_column][et_pb_column type=&#8221;1_2&#8243; _builder_version=&#8221;4.16&#8243; _module_preset=&#8221;default&#8221; global_colors_info=&#8221;{}&#8221;][et_pb_text _builder_version=&#8221;4.26.0&#8243; _module_preset=&#8221;default&#8221; header_font=&#8221;Poppins|600|||||||&#8221; header_text_align=&#8221;center&#8221; header_text_color=&#8221;#FFFFFF&#8221; header_font_size=&#8221;26px&#8221; header_line_height=&#8221;1.3em&#8221; header_2_font=&#8221;Poppins||||||||&#8221; header_2_text_align=&#8221;center&#8221; header_2_font_size=&#8221;18px&#8221; header_2_line_height=&#8221;1.5em&#8221; background_layout=&#8221;dark&#8221; width=&#8221;80%&#8221; width_tablet=&#8221;&#8221; width_phone=&#8221;100%&#8221; width_last_edited=&#8221;on|desktop&#8221; module_alignment=&#8221;center&#8221; height=&#8221;260px&#8221; height_tablet=&#8221;&#8221; height_phone=&#8221;&#8221; height_last_edited=&#8221;on|phone&#8221; custom_padding_tablet=&#8221;40px||||false|false&#8221; custom_padding_phone=&#8221;&#8221; custom_padding_last_edited=&#8221;on|tablet&#8221; header_line_height_tablet=&#8221;&#8221; header_line_height_phone=&#8221;1.3em&#8221; header_line_height_last_edited=&#8221;on|phone&#8221; global_colors_info=&#8221;{}&#8221;]<\/p>\n<h1>TRANSLATION, LANGUAGE EDUCATION AND CV CONSULTANCY SERVICES<\/h1>\n<h2>We know it because we did it.<\/h2>\n<h2>A company built by former British diplomats and employees of the UK Embassy in Ankara and Consulate in Istanbul<\/h2>\n<p>[\/et_pb_text][et_pb_button button_url=&#8221;https:\/\/www.ukturkeylife.com\/en&#8221; button_text=&#8221;Click here for English&#8221; button_alignment=&#8221;center&#8221; _builder_version=&#8221;4.23&#8243; _module_preset=&#8221;default&#8221; custom_button=&#8221;on&#8221; button_text_color=&#8221;#00247d&#8221; button_bg_color=&#8221;#FFFFFF&#8221; button_border_radius=&#8221;10px&#8221; button_font=&#8221;|600|||||||&#8221; custom_margin=&#8221;||300px||false|false&#8221; custom_padding_tablet=&#8221;&#8221; custom_padding_phone=&#8221;||||false|false&#8221; custom_padding_last_edited=&#8221;on|phone&#8221; global_colors_info=&#8221;{}&#8221;][\/et_pb_button][\/et_pb_column][\/et_pb_row][\/et_pb_section]<\/p>\n","protected":false},"excerpt":{"rendered":"<p>\u00c7EV\u0130R\u0130, D\u0130L E\u011e\u0130T\u0130M\u0130 VE CV H\u0130ZMETLER\u0130 Birle\u015fik Krall\u0131k\u2019\u0131n Ankara B\u00fcy\u00fckel\u00e7ili\u011fi ve \u0130stanbul Ba\u015fkonsoloslu\u011fu eski \u00e7al\u0131\u015fanlar\u0131 taraf\u0131ndan kurulan ekibimizle en etkin hizmet!TRANSLATION, LANGUAGE EDUCATION AND CV CONSULTANCY SERVICES We know it because we did it. A company built by former British diplomats and employees of the UK Embassy in Ankara and Consulate in Istanbul<\/p>\n","protected":false},"author":1,"featured_media":0,"parent":0,"menu_order":0,"comment_status":"closed","ping_status":"closed","template":"page-template-blank.php","meta":{"_et_pb_use_builder":"on","_et_pb_old_content":"","_et_gb_content_width":"","om_disable_all_campaigns":false,"_monsterinsights_skip_tracking":false,"_monsterinsights_sitenote_active":false,"_monsterinsights_sitenote_note":"","_monsterinsights_sitenote_category":0,"_uf_show_specific_survey":0,"_uf_disable_surveys":false,"footnotes":"","_links_to":"","_links_to_target":""},"class_list":["post-802","page","type-page","status-publish","hentry"],"aioseo_notices":[],"_links":{"self":[{"href":"https:\/\/www.ukturkeylife.com\/tr\/wp-json\/wp\/v2\/pages\/802","targetHints":{"allow":["GET"]}}],"collection":[{"href":"https:\/\/www.ukturkeylife.com\/tr\/wp-json\/wp\/v2\/pages"}],"about":[{"href":"https:\/\/www.ukturkeylife.com\/tr\/wp-json\/wp\/v2\/types\/page"}],"author":[{"embeddable":true,"href":"https:\/\/www.ukturkeylife.com\/tr\/wp-json\/wp\/v2\/users\/1"}],"replies":[{"embeddable":true,"href":"https:\/\/www.ukturkeylife.com\/tr\/wp-json\/wp\/v2\/comments?post=802"}],"version-history":[{"count":45,"href":"https:\/\/www.ukturkeylife.com\/tr\/wp-json\/wp\/v2\/pages\/802\/revisions"}],"predecessor-version":[{"id":7295,"href":"https:\/\/www.ukturkeylife.com\/tr\/wp-json\/wp\/v2\/pages\/802\/revisions\/7295"}],"wp:attachment":[{"href":"https:\/\/www.ukturkeylife.com\/tr\/wp-json\/wp\/v2\/media?parent=802"}],"curies":[{"name":"wp","href":"https:\/\/api.w.org\/{rel}","templated":true}]}}