{"id":1618,"date":"2022-01-24T10:59:35","date_gmt":"2022-01-24T07:59:35","guid":{"rendered":"https:\/\/www.ukturkeylife.com\/?page_id=1618"},"modified":"2022-01-24T10:59:41","modified_gmt":"2022-01-24T07:59:41","slug":"ceviri-hizmetlerimiz","status":"publish","type":"page","link":"https:\/\/www.ukturkeylife.com\/tr\/sikca-sorulan-sorular\/ceviri-hizmetlerimiz\/","title":{"rendered":"\u00c7eviri Hizmetlerimiz"},"content":{"rendered":"<p>[et_pb_section fb_built=&#8221;1&#8243; next_background_color=&#8221;#ffffff&#8221; admin_label=&#8221;Header&#8221; _builder_version=&#8221;4.9.2&#8243; background_color=&#8221;rgba(239,103,40,0.96)&#8221; use_background_color_gradient=&#8221;on&#8221; background_color_gradient_start=&#8221;#00247d&#8221; background_color_gradient_end=&#8221;#ff915e&#8221; background_color_gradient_direction=&#8221;148deg&#8221; background_color_gradient_start_position=&#8221;19%&#8221; background_image=&#8221;https:\/\/www.ukturkeylife.com\/wp-content\/uploads\/2021\/03\/flags-alpha5.png&#8221; custom_margin=&#8221;||||false&#8221; custom_padding=&#8221;6vw||5vw||false|false&#8221; bottom_divider_style=&#8221;arrow&#8221; bottom_divider_height=&#8221;18vw&#8221; bottom_divider_repeat=&#8221;0.7x&#8221; bottom_divider_flip=&#8221;horizontal&#8221; saved_tabs=&#8221;all&#8221; global_colors_info=&#8221;{}&#8221;][et_pb_row _builder_version=&#8221;3.25&#8243; custom_width_px__hover=&#8221;1080px&#8221; custom_width_px__hover_enabled=&#8221;1080px&#8221; custom_width_percent__hover=&#8221;80%&#8221; custom_width_percent__hover_enabled=&#8221;80%&#8221; global_colors_info=&#8221;{}&#8221; use_custom_width__hover=&#8221;off&#8221; use_custom_width__hover_enabled=&#8221;off&#8221; width_unit__hover=&#8221;on&#8221; width_unit__hover_enabled=&#8221;on&#8221; gutter_width__hover=&#8221;3&#8243; gutter_width__hover_enabled=&#8221;3&#8243; parallax_1__hover=&#8221;off&#8221; parallax_1__hover_enabled=&#8221;off&#8221; parallax_2__hover=&#8221;off&#8221; parallax_2__hover_enabled=&#8221;off&#8221; parallax_3__hover=&#8221;off&#8221; parallax_3__hover_enabled=&#8221;off&#8221; parallax_4__hover=&#8221;off&#8221; parallax_4__hover_enabled=&#8221;off&#8221; parallax_5__hover=&#8221;off&#8221; parallax_5__hover_enabled=&#8221;off&#8221; parallax_6__hover=&#8221;off&#8221; parallax_6__hover_enabled=&#8221;off&#8221; parallax_method_1__hover=&#8221;on&#8221; parallax_method_1__hover_enabled=&#8221;on&#8221; parallax_method_2__hover=&#8221;on&#8221; parallax_method_2__hover_enabled=&#8221;on&#8221; parallax_method_3__hover=&#8221;on&#8221; parallax_method_3__hover_enabled=&#8221;on&#8221; parallax_method_4__hover=&#8221;on&#8221; parallax_method_4__hover_enabled=&#8221;on&#8221; parallax_method_5__hover=&#8221;on&#8221; parallax_method_5__hover_enabled=&#8221;on&#8221; parallax_method_6__hover=&#8221;on&#8221; parallax_method_6__hover_enabled=&#8221;on&#8221; use_background_color_gradient__hover=&#8221;off&#8221; use_background_color_gradient__hover_enabled=&#8221;off&#8221; background_color_gradient_start__hover=&#8221;#2b87da&#8221; background_color_gradient_start__hover_enabled=&#8221;#2b87da&#8221; background_color_gradient_end__hover=&#8221;#29c4a9&#8243; background_color_gradient_end__hover_enabled=&#8221;#29c4a9&#8243; background_color_gradient_type__hover=&#8221;linear&#8221; background_color_gradient_type__hover_enabled=&#8221;linear&#8221; background_color_gradient_direction__hover=&#8221;180deg&#8221; background_color_gradient_direction__hover_enabled=&#8221;180deg&#8221; background_color_gradient_direction_radial__hover=&#8221;center&#8221; background_color_gradient_direction_radial__hover_enabled=&#8221;center&#8221; background_color_gradient_start_position__hover=&#8221;0%&#8221; background_color_gradient_start_position__hover_enabled=&#8221;0%&#8221; background_color_gradient_end_position__hover=&#8221;100%&#8221; background_color_gradient_end_position__hover_enabled=&#8221;100%&#8221; background_color_gradient_overlays_image__hover=&#8221;off&#8221; background_color_gradient_overlays_image__hover_enabled=&#8221;off&#8221; parallax__hover=&#8221;off&#8221; parallax__hover_enabled=&#8221;off&#8221; parallax_method__hover=&#8221;on&#8221; parallax_method__hover_enabled=&#8221;on&#8221; background_size__hover=&#8221;cover&#8221; background_size__hover_enabled=&#8221;cover&#8221; background_position__hover=&#8221;center&#8221; background_position__hover_enabled=&#8221;center&#8221; background_repeat__hover=&#8221;no-repeat&#8221; background_repeat__hover_enabled=&#8221;no-repeat&#8221; background_blend__hover=&#8221;normal&#8221; background_blend__hover_enabled=&#8221;normal&#8221; allow_player_pause__hover=&#8221;off&#8221; allow_player_pause__hover_enabled=&#8221;off&#8221; background_video_pause_outside_viewport__hover=&#8221;on&#8221; background_video_pause_outside_viewport__hover_enabled=&#8221;on&#8221; make_fullwidth__hover=&#8221;off&#8221; make_fullwidth__hover_enabled=&#8221;off&#8221; use_custom_gutter__hover=&#8221;off&#8221; use_custom_gutter__hover_enabled=&#8221;off&#8221; make_equal__hover=&#8221;off&#8221; make_equal__hover_enabled=&#8221;off&#8221; border_radii__hover=&#8221;on||||&#8221; border_radii__hover_enabled=&#8221;on||||&#8221; box_shadow_style__hover=&#8221;none&#8221; box_shadow_style__hover_enabled=&#8221;none&#8221; box_shadow_color__hover=&#8221;rgba(0,0,0,0.3)&#8221; box_shadow_color__hover_enabled=&#8221;rgba(0,0,0,0.3)&#8221; filter_hue_rotate__hover=&#8221;0deg&#8221; filter_hue_rotate__hover_enabled=&#8221;0deg&#8221; filter_saturate__hover=&#8221;100%&#8221; filter_saturate__hover_enabled=&#8221;100%&#8221; filter_brightness__hover=&#8221;100%&#8221; filter_brightness__hover_enabled=&#8221;100%&#8221; filter_contrast__hover=&#8221;100%&#8221; filter_contrast__hover_enabled=&#8221;100%&#8221; filter_invert__hover=&#8221;0%&#8221; filter_invert__hover_enabled=&#8221;0%&#8221; filter_sepia__hover=&#8221;0%&#8221; filter_sepia__hover_enabled=&#8221;0%&#8221; filter_opacity__hover=&#8221;100%&#8221; filter_opacity__hover_enabled=&#8221;100%&#8221; filter_blur__hover=&#8221;0px&#8221; filter_blur__hover_enabled=&#8221;0px&#8221; mix_blend_mode__hover=&#8221;normal&#8221; mix_blend_mode__hover_enabled=&#8221;normal&#8221; animation_style__hover=&#8221;none&#8221; animation_style__hover_enabled=&#8221;none&#8221; animation_repeat__hover=&#8221;once&#8221; animation_repeat__hover_enabled=&#8221;once&#8221; animation_direction__hover=&#8221;center&#8221; animation_direction__hover_enabled=&#8221;center&#8221; animation_duration__hover=&#8221;1000ms&#8221; animation_duration__hover_enabled=&#8221;1000ms&#8221; animation_delay__hover=&#8221;0ms&#8221; animation_delay__hover_enabled=&#8221;0ms&#8221; animation_intensity_slide__hover=&#8221;50%&#8221; animation_intensity_slide__hover_enabled=&#8221;50%&#8221; animation_intensity_zoom__hover=&#8221;50%&#8221; animation_intensity_zoom__hover_enabled=&#8221;50%&#8221; animation_intensity_flip__hover=&#8221;50%&#8221; animation_intensity_flip__hover_enabled=&#8221;50%&#8221; animation_intensity_fold__hover=&#8221;50%&#8221; animation_intensity_fold__hover_enabled=&#8221;50%&#8221; animation_intensity_roll__hover=&#8221;50%&#8221; animation_intensity_roll__hover_enabled=&#8221;50%&#8221; animation_starting_opacity__hover=&#8221;0%&#8221; animation_starting_opacity__hover_enabled=&#8221;0%&#8221; animation_speed_curve__hover=&#8221;ease-in-out&#8221; animation_speed_curve__hover_enabled=&#8221;ease-in-out&#8221; hover_transition_duration__hover=&#8221;300ms&#8221; hover_transition_duration__hover_enabled=&#8221;300ms&#8221; hover_transition_delay__hover=&#8221;0ms&#8221; hover_transition_delay__hover_enabled=&#8221;0ms&#8221; hover_transition_speed_curve__hover=&#8221;ease&#8221; hover_transition_speed_curve__hover_enabled=&#8221;ease&#8221;][et_pb_column type=&#8221;4_4&#8243; _builder_version=&#8221;3.25&#8243; custom_padding=&#8221;|||&#8221; global_colors_info=&#8221;{}&#8221; custom_padding__hover=&#8221;|||&#8221;][et_pb_post_title meta=&#8221;off&#8221; featured_image=&#8221;off&#8221; _builder_version=&#8221;4.9.7&#8243; _module_preset=&#8221;default&#8221; title_font=&#8221;Poppins|600|||||||&#8221; title_text_color=&#8221;#FFFFFF&#8221; title_font_size=&#8221;2vw&#8221; title_line_height=&#8221;1.3em&#8221; title_font_size_tablet=&#8221;38px&#8221; title_font_size_phone=&#8221;28px&#8221; title_font_size_last_edited=&#8221;on|phone&#8221; title_text_shadow_style=&#8221;preset3&#8243; title_text_shadow_vertical_length=&#8221;0.3em&#8221; title_text_shadow_blur_strength=&#8221;1.4em&#8221; title_text_shadow_color=&#8221;rgba(0,0,0,0.24)&#8221; global_colors_info=&#8221;{}&#8221;][\/et_pb_post_title][et_pb_text _builder_version=&#8221;4.9.7&#8243; _dynamic_attributes=&#8221;content&#8221; text_font=&#8221;||||||||&#8221; text_font_size=&#8221;20px&#8221; text_line_height=&#8221;1.6em&#8221; background_layout=&#8221;dark&#8221; max_width=&#8221;800px&#8221; max_width_tablet=&#8221;&#8221; max_width_phone=&#8221;&#8221; max_width_last_edited=&#8221;on|tablet&#8221; module_alignment=&#8221;left&#8221; custom_margin=&#8221;||60px&#8221; custom_margin_tablet=&#8221;||30px&#8221; custom_margin_phone=&#8221;&#8221; custom_margin_last_edited=&#8221;on|desktop&#8221; text_font_size_tablet=&#8221;&#8221; text_font_size_phone=&#8221;14px&#8221; text_font_size_last_edited=&#8221;on|phone&#8221; global_colors_info=&#8221;{}&#8221;]@ET-DC@eyJkeW5hbWljIjp0cnVlLCJjb250ZW50IjoicG9zdF9leGNlcnB0Iiwic2V0dGluZ3MiOnsiYmVmb3JlIjoiIiwiYWZ0ZXIiOiIiLCJ3b3JkcyI6IiIsInJlYWRfbW9yZV9sYWJlbCI6IiJ9fQ==@[\/et_pb_text][\/et_pb_column][\/et_pb_row][\/et_pb_section][et_pb_section fb_built=&#8221;1&#8243; _builder_version=&#8221;4.9.7&#8243; _module_preset=&#8221;default&#8221; global_colors_info=&#8221;{}&#8221;][et_pb_row _builder_version=&#8221;4.9.7&#8243; _module_preset=&#8221;default&#8221; global_colors_info=&#8221;{}&#8221;][et_pb_column type=&#8221;4_4&#8243; _builder_version=&#8221;4.9.7&#8243; _module_preset=&#8221;default&#8221; global_colors_info=&#8221;{}&#8221;][et_pb_text _builder_version=&#8221;4.14.1&#8243; _module_preset=&#8221;default&#8221; hover_enabled=&#8221;0&#8243; global_colors_info=&#8221;{}&#8221; sticky_enabled=&#8221;0&#8243;]<\/p>\n<h2><strong>\u00c7eviri Hizmetleri S\u0131k\u00e7a Sorulan Sorular sayfas\u0131 yap\u0131m a\u015famas\u0131ndad\u0131r.<\/strong><\/h2>\n<p>[\/et_pb_text][\/et_pb_column][\/et_pb_row][\/et_pb_section]<\/p>\n","protected":false},"excerpt":{"rendered":"<p>\u00c7eviri Hizmetleri S\u0131k\u00e7a Sorulan Sorular sayfas\u0131 yap\u0131m a\u015famas\u0131ndad\u0131r.<\/p>\n","protected":false},"author":1,"featured_media":0,"parent":1616,"menu_order":901,"comment_status":"closed","ping_status":"closed","template":"","meta":{"_et_pb_use_builder":"on","_et_pb_old_content":"<p>[et_pb_section fb_built=\"1\" next_background_color=\"#ffffff\" admin_label=\"Header\" _builder_version=\"4.9.2\" background_color=\"rgba(239,103,40,0.96)\" use_background_color_gradient=\"on\" background_color_gradient_start=\"#00247d\" background_color_gradient_end=\"#ff915e\" background_color_gradient_direction=\"148deg\" background_color_gradient_start_position=\"19%\" background_image=\"https:\/\/www.ukturkeylife.com\/wp-content\/uploads\/2021\/03\/flags-alpha5.png\" custom_margin=\"||||false\" custom_padding=\"6vw||5vw||false|false\" bottom_divider_style=\"arrow\" bottom_divider_height=\"18vw\" bottom_divider_repeat=\"0.7x\" bottom_divider_flip=\"horizontal\" saved_tabs=\"all\" global_colors_info=\"{}\"][et_pb_row _builder_version=\"3.25\" custom_width_px__hover=\"1080px\" custom_width_px__hover_enabled=\"1080px\" custom_width_percent__hover=\"80%\" custom_width_percent__hover_enabled=\"80%\" global_colors_info=\"{}\" use_custom_width__hover=\"off\" use_custom_width__hover_enabled=\"off\" width_unit__hover=\"on\" width_unit__hover_enabled=\"on\" gutter_width__hover=\"3\" gutter_width__hover_enabled=\"3\" parallax_1__hover=\"off\" parallax_1__hover_enabled=\"off\" parallax_2__hover=\"off\" parallax_2__hover_enabled=\"off\" parallax_3__hover=\"off\" parallax_3__hover_enabled=\"off\" parallax_4__hover=\"off\" parallax_4__hover_enabled=\"off\" parallax_5__hover=\"off\" parallax_5__hover_enabled=\"off\" parallax_6__hover=\"off\" parallax_6__hover_enabled=\"off\" parallax_method_1__hover=\"on\" parallax_method_1__hover_enabled=\"on\" parallax_method_2__hover=\"on\" parallax_method_2__hover_enabled=\"on\" parallax_method_3__hover=\"on\" parallax_method_3__hover_enabled=\"on\" parallax_method_4__hover=\"on\" parallax_method_4__hover_enabled=\"on\" parallax_method_5__hover=\"on\" parallax_method_5__hover_enabled=\"on\" parallax_method_6__hover=\"on\" parallax_method_6__hover_enabled=\"on\" use_background_color_gradient__hover=\"off\" use_background_color_gradient__hover_enabled=\"off\" background_color_gradient_start__hover=\"#2b87da\" background_color_gradient_start__hover_enabled=\"#2b87da\" background_color_gradient_end__hover=\"#29c4a9\" background_color_gradient_end__hover_enabled=\"#29c4a9\" background_color_gradient_type__hover=\"linear\" background_color_gradient_type__hover_enabled=\"linear\" background_color_gradient_direction__hover=\"180deg\" background_color_gradient_direction__hover_enabled=\"180deg\" background_color_gradient_direction_radial__hover=\"center\" background_color_gradient_direction_radial__hover_enabled=\"center\" background_color_gradient_start_position__hover=\"0%\" background_color_gradient_start_position__hover_enabled=\"0%\" background_color_gradient_end_position__hover=\"100%\" background_color_gradient_end_position__hover_enabled=\"100%\" background_color_gradient_overlays_image__hover=\"off\" background_color_gradient_overlays_image__hover_enabled=\"off\" parallax__hover=\"off\" parallax__hover_enabled=\"off\" parallax_method__hover=\"on\" parallax_method__hover_enabled=\"on\" background_size__hover=\"cover\" background_size__hover_enabled=\"cover\" background_position__hover=\"center\" background_position__hover_enabled=\"center\" background_repeat__hover=\"no-repeat\" background_repeat__hover_enabled=\"no-repeat\" background_blend__hover=\"normal\" background_blend__hover_enabled=\"normal\" allow_player_pause__hover=\"off\" allow_player_pause__hover_enabled=\"off\" background_video_pause_outside_viewport__hover=\"on\" background_video_pause_outside_viewport__hover_enabled=\"on\" make_fullwidth__hover=\"off\" make_fullwidth__hover_enabled=\"off\" use_custom_gutter__hover=\"off\" use_custom_gutter__hover_enabled=\"off\" make_equal__hover=\"off\" make_equal__hover_enabled=\"off\" border_radii__hover=\"on||||\" border_radii__hover_enabled=\"on||||\" box_shadow_style__hover=\"none\" box_shadow_style__hover_enabled=\"none\" box_shadow_color__hover=\"rgba(0,0,0,0.3)\" box_shadow_color__hover_enabled=\"rgba(0,0,0,0.3)\" filter_hue_rotate__hover=\"0deg\" filter_hue_rotate__hover_enabled=\"0deg\" filter_saturate__hover=\"100%\" filter_saturate__hover_enabled=\"100%\" filter_brightness__hover=\"100%\" filter_brightness__hover_enabled=\"100%\" filter_contrast__hover=\"100%\" filter_contrast__hover_enabled=\"100%\" filter_invert__hover=\"0%\" filter_invert__hover_enabled=\"0%\" filter_sepia__hover=\"0%\" filter_sepia__hover_enabled=\"0%\" filter_opacity__hover=\"100%\" filter_opacity__hover_enabled=\"100%\" filter_blur__hover=\"0px\" filter_blur__hover_enabled=\"0px\" mix_blend_mode__hover=\"normal\" mix_blend_mode__hover_enabled=\"normal\" animation_style__hover=\"none\" animation_style__hover_enabled=\"none\" animation_repeat__hover=\"once\" animation_repeat__hover_enabled=\"once\" animation_direction__hover=\"center\" animation_direction__hover_enabled=\"center\" animation_duration__hover=\"1000ms\" animation_duration__hover_enabled=\"1000ms\" animation_delay__hover=\"0ms\" animation_delay__hover_enabled=\"0ms\" animation_intensity_slide__hover=\"50%\" animation_intensity_slide__hover_enabled=\"50%\" animation_intensity_zoom__hover=\"50%\" animation_intensity_zoom__hover_enabled=\"50%\" animation_intensity_flip__hover=\"50%\" animation_intensity_flip__hover_enabled=\"50%\" animation_intensity_fold__hover=\"50%\" animation_intensity_fold__hover_enabled=\"50%\" animation_intensity_roll__hover=\"50%\" animation_intensity_roll__hover_enabled=\"50%\" animation_starting_opacity__hover=\"0%\" animation_starting_opacity__hover_enabled=\"0%\" animation_speed_curve__hover=\"ease-in-out\" animation_speed_curve__hover_enabled=\"ease-in-out\" hover_transition_duration__hover=\"300ms\" hover_transition_duration__hover_enabled=\"300ms\" hover_transition_delay__hover=\"0ms\" hover_transition_delay__hover_enabled=\"0ms\" hover_transition_speed_curve__hover=\"ease\" hover_transition_speed_curve__hover_enabled=\"ease\"][et_pb_column type=\"4_4\" _builder_version=\"3.25\" custom_padding=\"|||\" global_colors_info=\"{}\" custom_padding__hover=\"|||\"][et_pb_post_title meta=\"off\" featured_image=\"off\" _builder_version=\"4.9.7\" _module_preset=\"default\" title_font=\"Poppins|600|||||||\" title_text_color=\"#FFFFFF\" title_font_size=\"2vw\" title_line_height=\"1.3em\" title_font_size_tablet=\"38px\" title_font_size_phone=\"28px\" title_font_size_last_edited=\"on|phone\" title_text_shadow_style=\"preset3\" title_text_shadow_vertical_length=\"0.3em\" title_text_shadow_blur_strength=\"1.4em\" title_text_shadow_color=\"rgba(0,0,0,0.24)\" global_colors_info=\"{}\"][\/et_pb_post_title][et_pb_text _builder_version=\"4.9.7\" _dynamic_attributes=\"content\" text_font=\"||||||||\" text_font_size=\"20px\" text_line_height=\"1.6em\" background_layout=\"dark\" max_width=\"800px\" max_width_tablet=\"\" max_width_phone=\"\" max_width_last_edited=\"on|tablet\" module_alignment=\"left\" custom_margin=\"||60px\" custom_margin_tablet=\"||30px\" custom_margin_phone=\"\" custom_margin_last_edited=\"on|desktop\" text_font_size_tablet=\"\" text_font_size_phone=\"14px\" text_font_size_last_edited=\"on|phone\" global_colors_info=\"{}\"]@ET-DC@eyJkeW5hbWljIjp0cnVlLCJjb250ZW50IjoicG9zdF9leGNlcnB0Iiwic2V0dGluZ3MiOnsiYmVmb3JlIjoiIiwiYWZ0ZXIiOiIiLCJ3b3JkcyI6IiIsInJlYWRfbW9yZV9sYWJlbCI6IiJ9fQ==@[\/et_pb_text][\/et_pb_column][\/et_pb_row][\/et_pb_section][et_pb_section fb_built=\"1\" _builder_version=\"4.9.7\" _module_preset=\"default\" global_colors_info=\"{}\"][et_pb_row _builder_version=\"4.9.7\" _module_preset=\"default\" global_colors_info=\"{}\"][et_pb_column type=\"4_4\" _builder_version=\"4.9.7\" _module_preset=\"default\" global_colors_info=\"{}\"][et_pb_text _builder_version=\"4.14.1\" _module_preset=\"default\" hover_enabled=\"0\" sticky_enabled=\"0\"]<\/p><h2><strong>Translation and Interpretation FAQ page under construction<\/strong><\/h2><p>[\/et_pb_text][\/et_pb_column][\/et_pb_row][\/et_pb_section]<\/p>","_et_gb_content_width":"","om_disable_all_campaigns":false,"_monsterinsights_skip_tracking":false,"_monsterinsights_sitenote_active":false,"_monsterinsights_sitenote_note":"","_monsterinsights_sitenote_category":0,"_uf_show_specific_survey":0,"_uf_disable_surveys":false,"footnotes":"","_links_to":"","_links_to_target":""},"class_list":["post-1618","page","type-page","status-publish","hentry"],"aioseo_notices":[],"_links":{"self":[{"href":"https:\/\/www.ukturkeylife.com\/tr\/wp-json\/wp\/v2\/pages\/1618","targetHints":{"allow":["GET"]}}],"collection":[{"href":"https:\/\/www.ukturkeylife.com\/tr\/wp-json\/wp\/v2\/pages"}],"about":[{"href":"https:\/\/www.ukturkeylife.com\/tr\/wp-json\/wp\/v2\/types\/page"}],"author":[{"embeddable":true,"href":"https:\/\/www.ukturkeylife.com\/tr\/wp-json\/wp\/v2\/users\/1"}],"replies":[{"embeddable":true,"href":"https:\/\/www.ukturkeylife.com\/tr\/wp-json\/wp\/v2\/comments?post=1618"}],"version-history":[{"count":3,"href":"https:\/\/www.ukturkeylife.com\/tr\/wp-json\/wp\/v2\/pages\/1618\/revisions"}],"predecessor-version":[{"id":1626,"href":"https:\/\/www.ukturkeylife.com\/tr\/wp-json\/wp\/v2\/pages\/1618\/revisions\/1626"}],"up":[{"embeddable":true,"href":"https:\/\/www.ukturkeylife.com\/tr\/wp-json\/wp\/v2\/pages\/1616"}],"wp:attachment":[{"href":"https:\/\/www.ukturkeylife.com\/tr\/wp-json\/wp\/v2\/media?parent=1618"}],"curies":[{"name":"wp","href":"https:\/\/api.w.org\/{rel}","templated":true}]}}